{"id":9228,"date":"2023-04-01T10:56:26","date_gmt":"2023-04-01T07:56:26","guid":{"rendered":"https:\/\/marmarisdentalcenter.com\/?page_id=9228"},"modified":"2024-04-12T08:51:25","modified_gmt":"2024-04-12T05:51:25","slug":"dental-facelift","status":"publish","type":"page","link":"https:\/\/marmarisdentalcenter.com\/tr\/dental-facelift\/","title":{"rendered":"Y\u00fcz Gerdirme"},"content":{"rendered":"<style type=\"text\/css\"><\/style>\t\t<div data-elementor-type=\"wp-page\" data-elementor-id=\"9228\" class=\"elementor elementor-9228\" data-elementor-post-type=\"page\">\n\t\t\t\t\t\t<section class=\"elementor-section elementor-top-section elementor-element elementor-element-b2016cf elementor-section-boxed elementor-section-height-default elementor-section-height-default\" data-id=\"b2016cf\" data-element_type=\"section\">\n\t\t\t\t\t\t<div class=\"elementor-container elementor-column-gap-default\">\n\t\t\t\t\t<div class=\"elementor-column elementor-col-100 elementor-top-column elementor-element elementor-element-8db6b78\" data-id=\"8db6b78\" data-element_type=\"column\">\n\t\t\t<div class=\"elementor-widget-wrap elementor-element-populated\">\n\t\t\t\t\t\t<div class=\"elementor-element elementor-element-637437e elementor-widget elementor-widget-heading\" data-id=\"637437e\" data-element_type=\"widget\" data-widget_type=\"heading.default\">\n\t\t\t\t<div class=\"elementor-widget-container\">\n\t\t\t<h2 class=\"elementor-heading-title elementor-size-default\">Dental Facelift Turkey<\/h2>\t\t<\/div>\n\t\t\t\t<\/div>\n\t\t\t\t\t<\/div>\n\t\t<\/div>\n\t\t\t\t\t<\/div>\n\t\t<\/section>\n\t\t\t\t<section class=\"elementor-section elementor-top-section elementor-element elementor-element-6ee3840 elementor-section-boxed elementor-section-height-default elementor-section-height-default\" data-id=\"6ee3840\" data-element_type=\"section\">\n\t\t\t\t\t\t<div class=\"elementor-container elementor-column-gap-default\">\n\t\t\t\t\t<div class=\"elementor-column elementor-col-100 elementor-top-column elementor-element elementor-element-11c4ac3\" data-id=\"11c4ac3\" data-element_type=\"column\">\n\t\t\t<div class=\"elementor-widget-wrap elementor-element-populated\">\n\t\t\t\t\t\t<div class=\"elementor-element elementor-element-8411b29 elementor-widget elementor-widget-text-editor\" data-id=\"8411b29\" data-element_type=\"widget\" data-widget_type=\"text-editor.default\">\n\t\t\t\t<div class=\"elementor-widget-container\">\n\t\t\t\t\t\t\t<div class=\"flex-1 overflow-hidden\"><div class=\"react-scroll-to-bottom--css-zuwwa-79elbk h-full\"><div class=\"react-scroll-to-bottom--css-zuwwa-1n7m0yu\"><div class=\"flex flex-col text-sm pb-9\"><div class=\"w-full text-token-text-primary\" dir=\"auto\" data-testid=\"conversation-turn-13\"><div class=\"px-4 py-2 justify-center text-base md:gap-6 m-auto\"><div class=\"flex flex-1 text-base mx-auto gap-3 juice:gap-4 juice:md:gap-6 md:px-5 lg:px-1 xl:px-5 md:max-w-3xl lg:max-w-[40rem] xl:max-w-[48rem] group final-completion\"><div class=\"relative flex w-full flex-col agent-turn\"><div class=\"flex-col gap-1 md:gap-3\"><div class=\"flex flex-grow flex-col max-w-full\"><div class=\"min-h-[20px] text-message flex flex-col items-start gap-3 whitespace-pre-wrap break-words [.text-message+&amp;]:mt-5 overflow-x-auto\" dir=\"auto\" data-message-author-role=\"assistant\" data-message-id=\"fe59028d-dac9-4ba2-92ab-2ad01ab7248e\"><div class=\"markdown prose w-full break-words dark:prose-invert light\"><p>Ya\u015fland\u0131k\u00e7a di\u015f sa\u011fl\u0131\u011f\u0131m\u0131z zarar g\u00f6rebilir, bu da di\u015f etlerinin \u00e7ekilmesine, di\u015flerin a\u015f\u0131nmas\u0131na ve gen\u00e7 g\u00f6r\u00fcn\u00fcml\u00fc bir g\u00fcl\u00fcmsemenin kaybolmas\u0131na yol a\u00e7abilir. Ge\u00e7mi\u015fte, bu sorunlar\u0131 uygun fiyatl\u0131 bir \u015fekilde \u00e7\u00f6zecek pek \u00e7ok se\u00e7enek bulunmamaktayd\u0131 ve bir\u00e7ok ki\u015fi do\u011fal ya\u015flanma s\u00fcrecini kabullenmek zorunda kal\u0131yordu. Ancak kozmetik di\u015f hekimli\u011findeki ilerlemelerle art\u0131k s\u00f6n\u00fck bir g\u00fcl\u00fcmsemeye raz\u0131 olman\u0131za gerek kalmad\u0131. Antalya ve Marmaris&#8217;teki kliniklerimiz, Dental Facelift (Y\u00fcz Gerdirme) i\u015flemi ile kapsaml\u0131 bir \u00e7\u00f6z\u00fcm sunuyor.<\/p><p>Bir Dental Facelift, kesin bir anti-aging i\u015flemi olmamakla birlikte, ek cerrahi travmalar\u0131 olmadan geleneksel bir y\u00fcz germe i\u015flemine benzer faydalar sa\u011flayabilir. G\u00fczel bir di\u015f seti ile g\u00f6r\u00fcn\u00fcm\u00fcn\u00fczden y\u0131llar\u0131 atabilir ve daha sa\u011fl\u0131kl\u0131 g\u00f6r\u00fcnebilirsiniz. Kozmetik di\u015f hekimleri ve oral cerrahlar, her hastan\u0131n en iyi sonu\u00e7lar\u0131n\u0131 belirlerken genel y\u00fcz esteti\u011fini de g\u00f6z \u00f6n\u00fcnde bulundurur. Bu, en iyi sonucu elde etmek i\u00e7in bireysel di\u015flerin \u015feklini ve konumunu, hastan\u0131n profilini de\u011ferlendirme anlam\u0131na gelir.<\/p><p>Di\u015flerinizin stilini, \u015feklini, rengini, uzunlu\u011funu ve konumland\u0131r\u0131lmas\u0131n\u0131 k\u00fc\u00e7\u00fck dokunu\u015flarla de\u011fi\u015ftirerek, yeni g\u00fcl\u00fc\u015f\u00fcn\u00fcz y\u00fcz\u00fcn\u00fczden y\u0131llar\u0131 silebilir. Dental Facelift i\u015flemi, \u00e7\u00f6km\u00fc\u015f yanaklardan, s\u0131k\u0131\u015fm\u0131\u015f veya incelmi\u015f dudak \u00e7izgilerine kadar her \u015feyi ele al\u0131r ve size gen\u00e7le\u015fmi\u015f bir g\u00f6r\u00fcn\u00fcm kazand\u0131r\u0131r. E\u011fer di\u015f implant\u0131na da ihtiyac\u0131n\u0131z varsa, ayn\u0131 tekniklerin estetik sonu\u00e7larla tedavi plan\u0131n\u0131za uygulanabilece\u011fini bilmekten memnun olacaks\u0131n\u0131z. Dental Facelift i\u015flemi hakk\u0131nda daha fazla bilgi almak ve size nas\u0131l fayda sa\u011flayabilece\u011fini \u00f6\u011frenmek isterseniz, ekibimizle ileti\u015fime ge\u00e7mekten \u00e7ekinmeyin.<\/p><\/div><\/div><\/div><\/div><\/div><\/div><\/div><\/div><\/div><\/div><\/div><\/div>\t\t\t\t\t\t<\/div>\n\t\t\t\t<\/div>\n\t\t\t\t\t<\/div>\n\t\t<\/div>\n\t\t\t\t\t<\/div>\n\t\t<\/section>\n\t\t\t\t<section class=\"elementor-section elementor-top-section elementor-element elementor-element-edc6359 elementor-section-boxed elementor-section-height-default elementor-section-height-default\" data-id=\"edc6359\" data-element_type=\"section\">\n\t\t\t\t\t\t<div class=\"elementor-container elementor-column-gap-default\">\n\t\t\t\t\t<div class=\"elementor-column elementor-col-100 elementor-top-column elementor-element elementor-element-938cc74\" data-id=\"938cc74\" data-element_type=\"column\">\n\t\t\t<div class=\"elementor-widget-wrap elementor-element-populated\">\n\t\t\t\t\t\t<div class=\"elementor-element elementor-element-3ba1ef3 elementor-widget elementor-widget-video\" data-id=\"3ba1ef3\" data-element_type=\"widget\" data-settings=\"{&quot;youtube_url&quot;:&quot;https:\\\/\\\/www.youtube.com\\\/watch?v=6fop4JPDugE&quot;,&quot;video_type&quot;:&quot;youtube&quot;,&quot;controls&quot;:&quot;yes&quot;}\" data-widget_type=\"video.default\">\n\t\t\t\t<div class=\"elementor-widget-container\">\n\t\t\t\t\t<div class=\"elementor-wrapper elementor-open-inline\">\n\t\t\t<div class=\"elementor-video\"><\/div>\t\t<\/div>\n\t\t\t\t<\/div>\n\t\t\t\t<\/div>\n\t\t\t\t\t<\/div>\n\t\t<\/div>\n\t\t\t\t\t<\/div>\n\t\t<\/section>\n\t\t\t\t<section class=\"elementor-section elementor-top-section elementor-element elementor-element-30a87cf elementor-section-boxed elementor-section-height-default elementor-section-height-default\" data-id=\"30a87cf\" data-element_type=\"section\">\n\t\t\t\t\t\t<div class=\"elementor-container elementor-column-gap-default\">\n\t\t\t\t\t<div class=\"elementor-column elementor-col-100 elementor-top-column elementor-element elementor-element-659f53b\" data-id=\"659f53b\" data-element_type=\"column\">\n\t\t\t<div class=\"elementor-widget-wrap elementor-element-populated\">\n\t\t\t\t\t\t<div class=\"elementor-element elementor-element-bec6f1d elementor-widget elementor-widget-spacer\" data-id=\"bec6f1d\" data-element_type=\"widget\" data-widget_type=\"spacer.default\">\n\t\t\t\t<div class=\"elementor-widget-container\">\n\t\t\t\t\t<div class=\"elementor-spacer\">\n\t\t\t<div class=\"elementor-spacer-inner\"><\/div>\n\t\t<\/div>\n\t\t\t\t<\/div>\n\t\t\t\t<\/div>\n\t\t\t\t<div class=\"elementor-element elementor-element-84da98b elementor-widget elementor-widget-heading\" data-id=\"84da98b\" data-element_type=\"widget\" data-widget_type=\"heading.default\">\n\t\t\t\t<div class=\"elementor-widget-container\">\n\t\t\t<h2 class=\"elementor-heading-title elementor-size-default\">Bizimle \u0130leti\u015fime Ge\u00e7in<\/h2>\t\t<\/div>\n\t\t\t\t<\/div>\n\t\t\t\t\t<\/div>\n\t\t<\/div>\n\t\t\t\t\t<\/div>\n\t\t<\/section>\n\t\t\t\t<section class=\"elementor-section elementor-top-section elementor-element elementor-element-46f7281 elementor-section-boxed elementor-section-height-default elementor-section-height-default\" data-id=\"46f7281\" data-element_type=\"section\">\n\t\t\t\t\t\t<div class=\"elementor-container elementor-column-gap-default\">\n\t\t\t\t\t<div class=\"elementor-column elementor-col-50 elementor-top-column elementor-element elementor-element-aaa10ec\" data-id=\"aaa10ec\" data-element_type=\"column\">\n\t\t\t<div class=\"elementor-widget-wrap elementor-element-populated\">\n\t\t\t\t\t\t<div class=\"elementor-element elementor-element-8b7e88c elementor-button-align-stretch elementor-widget elementor-widget-form\" data-id=\"8b7e88c\" data-element_type=\"widget\" data-settings=\"{&quot;step_next_label&quot;:&quot;Next&quot;,&quot;step_previous_label&quot;:&quot;Previous&quot;,&quot;button_width&quot;:&quot;100&quot;,&quot;step_type&quot;:&quot;number_text&quot;,&quot;step_icon_shape&quot;:&quot;circle&quot;}\" data-widget_type=\"form.default\">\n\t\t\t\t<div class=\"elementor-widget-container\">\n\t\t\t\t\t<form class=\"elementor-form\" method=\"post\" name=\"New Form\">\n\t\t\t<input type=\"hidden\" name=\"post_id\" value=\"9228\"\/>\n\t\t\t<input type=\"hidden\" name=\"form_id\" value=\"8b7e88c\"\/>\n\t\t\t<input type=\"hidden\" name=\"referer_title\" value=\"Marmaris Dental Center\" \/>\n\n\t\t\t\n\t\t\t<div class=\"elementor-form-fields-wrapper elementor-labels-above\">\n\t\t\t\t\t\t\t\t<div class=\"elementor-field-type-text elementor-field-group elementor-column elementor-field-group-name elementor-col-100\">\n\t\t\t\t\t\t\t\t\t\t\t\t<label for=\"form-field-name\" class=\"elementor-field-label\">\n\t\t\t\t\t\t\t\tName\t\t\t\t\t\t\t<\/label>\n\t\t\t\t\t\t\t\t\t\t\t\t\t\t<input size=\"1\" type=\"text\" name=\"form_fields[name]\" id=\"form-field-name\" class=\"elementor-field elementor-size-sm  elementor-field-textual\" placeholder=\"Name\">\n\t\t\t\t\t\t\t\t\t\t\t<\/div>\n\t\t\t\t\t\t\t\t<div class=\"elementor-field-type-email elementor-field-group elementor-column elementor-field-group-email elementor-col-100 elementor-field-required\">\n\t\t\t\t\t\t\t\t\t\t\t\t<label for=\"form-field-email\" class=\"elementor-field-label\">\n\t\t\t\t\t\t\t\tEmail\t\t\t\t\t\t\t<\/label>\n\t\t\t\t\t\t\t\t\t\t\t\t\t\t<input size=\"1\" type=\"email\" name=\"form_fields[email]\" id=\"form-field-email\" class=\"elementor-field elementor-size-sm  elementor-field-textual\" placeholder=\"Email\" required=\"required\" aria-required=\"true\">\n\t\t\t\t\t\t\t\t\t\t\t<\/div>\n\t\t\t\t\t\t\t\t<div class=\"elementor-field-type-text elementor-field-group elementor-column elementor-field-group-field_2c302fe elementor-col-100 elementor-field-required\">\n\t\t\t\t\t\t\t\t\t\t\t\t<label for=\"form-field-field_2c302fe\" class=\"elementor-field-label\">\n\t\t\t\t\t\t\t\tPhone\t\t\t\t\t\t\t<\/label>\n\t\t\t\t\t\t\t\t\t\t\t\t\t\t<input size=\"1\" type=\"text\" name=\"form_fields[field_2c302fe]\" id=\"form-field-field_2c302fe\" class=\"elementor-field elementor-size-sm  elementor-field-textual\" placeholder=\"Phone\" required=\"required\" aria-required=\"true\">\n\t\t\t\t\t\t\t\t\t\t\t<\/div>\n\t\t\t\t\t\t\t\t<div class=\"elementor-field-type-textarea elementor-field-group elementor-column elementor-field-group-message elementor-col-100\">\n\t\t\t\t\t\t\t\t\t\t\t\t<label for=\"form-field-message\" class=\"elementor-field-label\">\n\t\t\t\t\t\t\t\tMessage\t\t\t\t\t\t\t<\/label>\n\t\t\t\t\t\t<textarea class=\"elementor-field-textual elementor-field  elementor-size-sm\" name=\"form_fields[message]\" id=\"form-field-message\" rows=\"4\" placeholder=\"Message\"><\/textarea>\t\t\t\t<\/div>\n\t\t\t\t\t\t\t\t<div class=\"elementor-field-group elementor-column elementor-field-type-submit elementor-col-100 e-form__buttons\">\n\t\t\t\t\t<button class=\"elementor-button elementor-size-sm\" type=\"submit\">\n\t\t\t\t\t\t<span class=\"elementor-button-content-wrapper\">\n\t\t\t\t\t\t\t\t\t\t\t\t\t\t\t\t\t\t\t\t\t\t<span class=\"elementor-button-text\">Send<\/span>\n\t\t\t\t\t\t\t\t\t\t\t\t\t<\/span>\n\t\t\t\t\t<\/button>\n\t\t\t\t<\/div>\n\t\t\t<\/div>\n\t\t<\/form>\n\t\t\t\t<\/div>\n\t\t\t\t<\/div>\n\t\t\t\t\t<\/div>\n\t\t<\/div>\n\t\t\t\t<div class=\"elementor-column elementor-col-50 elementor-top-column elementor-element elementor-element-a0acbb0\" data-id=\"a0acbb0\" data-element_type=\"column\">\n\t\t\t<div class=\"elementor-widget-wrap elementor-element-populated\">\n\t\t\t\t\t\t\t<\/div>\n\t\t<\/div>\n\t\t\t\t\t<\/div>\n\t\t<\/section>\n\t\t\t\t<\/div>\n\t\t","protected":false},"excerpt":{"rendered":"<p>Dental Facelift Turkey Ya\u015fland\u0131k\u00e7a di\u015f sa\u011fl\u0131\u011f\u0131m\u0131z zarar g\u00f6rebilir, bu da di\u015f etlerinin \u00e7ekilmesine, di\u015flerin a\u015f\u0131nmas\u0131na ve gen\u00e7 g\u00f6r\u00fcn\u00fcml\u00fc bir g\u00fcl\u00fcmsemenin kaybolmas\u0131na yol a\u00e7abilir. Ge\u00e7mi\u015fte, bu sorunlar\u0131 uygun fiyatl\u0131 bir \u015fekilde \u00e7\u00f6zecek pek \u00e7ok se\u00e7enek bulunmamaktayd\u0131 ve bir\u00e7ok ki\u015fi do\u011fal ya\u015flanma s\u00fcrecini kabullenmek zorunda kal\u0131yordu. Ancak kozmetik di\u015f hekimli\u011findeki ilerlemelerle art\u0131k s\u00f6n\u00fck bir g\u00fcl\u00fcmsemeye raz\u0131 olman\u0131za&#8230;<\/p>\n","protected":false},"author":1,"featured_media":0,"parent":0,"menu_order":0,"comment_status":"closed","ping_status":"closed","template":"","meta":{"footnotes":""},"class_list":["post-9228","page","type-page","status-publish","hentry"],"yoast_head":"<!-- This site is optimized with the Yoast SEO Premium plugin v20.0 (Yoast SEO v24.0) - https:\/\/yoast.com\/wordpress\/plugins\/seo\/ -->\n<title>Di\u015f Esteti\u011fi \u0130le Daha Gen\u00e7 Bir G\u00f6r\u00fcn\u00fcme Kavu\u015fun<\/title>\n<meta name=\"description\" content=\"Estetik Di\u015f Hekimlerimiz ve A\u011f\u0131z Cerrahlar\u0131m\u0131z, di\u015f eti \u00e7ekilmesi, a\u015f\u0131nm\u0131\u015f di\u015fler ve \u00e7\u00f6km\u00fc\u015f yanaklar gibi sorunlara kapsaml\u0131 bir yakla\u015f\u0131m getirerek gen\u00e7le\u015fmi\u015f bir g\u00f6r\u00fcn\u00fcm sa\u011flar.\" \/>\n<meta name=\"robots\" content=\"index, follow, max-snippet:-1, max-image-preview:large, max-video-preview:-1\" \/>\n<link rel=\"canonical\" href=\"https:\/\/marmarisdentalcenter.com\/tr\/dental-facelift\/\" \/>\n<meta property=\"og:locale\" content=\"en_GB\" \/>\n<meta property=\"og:type\" content=\"article\" \/>\n<meta property=\"og:title\" content=\"Y\u00fcz Gerdirme\" \/>\n<meta property=\"og:description\" content=\"Estetik Di\u015f Hekimlerimiz ve A\u011f\u0131z Cerrahlar\u0131m\u0131z, di\u015f eti \u00e7ekilmesi, a\u015f\u0131nm\u0131\u015f di\u015fler ve \u00e7\u00f6km\u00fc\u015f yanaklar gibi sorunlara kapsaml\u0131 bir yakla\u015f\u0131m getirerek gen\u00e7le\u015fmi\u015f bir g\u00f6r\u00fcn\u00fcm sa\u011flar.\" \/>\n<meta property=\"og:url\" content=\"https:\/\/marmarisdentalcenter.com\/tr\/dental-facelift\/\" \/>\n<meta property=\"og:site_name\" content=\"Marmaris Dental Center\" \/>\n<meta property=\"article:publisher\" content=\"https:\/\/www.facebook.com\/marmarisdentalcenter\" \/>\n<meta property=\"article:modified_time\" content=\"2024-04-12T05:51:25+00:00\" \/>\n<meta name=\"twitter:card\" content=\"summary_large_image\" \/>\n<meta name=\"twitter:site\" content=\"@marmarisdental\" \/>\n<meta name=\"twitter:label1\" content=\"Estimated reading time\" \/>\n\t<meta name=\"twitter:data1\" content=\"3 minutes\" \/>\n<script type=\"application\/ld+json\" class=\"yoast-schema-graph\">{\"@context\":\"https:\/\/schema.org\",\"@graph\":[{\"@type\":\"WebPage\",\"@id\":\"https:\/\/marmarisdentalcenter.com\/tr\/dental-facelift\/\",\"url\":\"https:\/\/marmarisdentalcenter.com\/tr\/dental-facelift\/\",\"name\":\"Di\u015f Esteti\u011fi \u0130le Daha Gen\u00e7 Bir G\u00f6r\u00fcn\u00fcme Kavu\u015fun\",\"isPartOf\":{\"@id\":\"https:\/\/marmarisdentalcenter.com\/tr\/#website\"},\"datePublished\":\"2023-04-01T07:56:26+00:00\",\"dateModified\":\"2024-04-12T05:51:25+00:00\",\"description\":\"Estetik Di\u015f Hekimlerimiz ve A\u011f\u0131z Cerrahlar\u0131m\u0131z, di\u015f eti \u00e7ekilmesi, a\u015f\u0131nm\u0131\u015f di\u015fler ve \u00e7\u00f6km\u00fc\u015f yanaklar gibi sorunlara kapsaml\u0131 bir yakla\u015f\u0131m getirerek gen\u00e7le\u015fmi\u015f bir g\u00f6r\u00fcn\u00fcm sa\u011flar.\",\"breadcrumb\":{\"@id\":\"https:\/\/marmarisdentalcenter.com\/tr\/dental-facelift\/#breadcrumb\"},\"inLanguage\":\"en-GB\",\"potentialAction\":[{\"@type\":\"ReadAction\",\"target\":[\"https:\/\/marmarisdentalcenter.com\/tr\/dental-facelift\/\"]}]},{\"@type\":\"BreadcrumbList\",\"@id\":\"https:\/\/marmarisdentalcenter.com\/tr\/dental-facelift\/#breadcrumb\",\"itemListElement\":[{\"@type\":\"ListItem\",\"position\":1,\"name\":\"Home\",\"item\":\"https:\/\/marmarisdentalcenter.com\/tr\/\"},{\"@type\":\"ListItem\",\"position\":2,\"name\":\"Y\u00fcz Gerdirme\"}]},{\"@type\":\"WebSite\",\"@id\":\"https:\/\/marmarisdentalcenter.com\/tr\/#website\",\"url\":\"https:\/\/marmarisdentalcenter.com\/tr\/\",\"name\":\"Marmaris Dental Center\",\"description\":\"Smile Bright in Turkey with Marmaris Dental Center\",\"publisher\":{\"@id\":\"https:\/\/marmarisdentalcenter.com\/tr\/#organization\"},\"potentialAction\":[{\"@type\":\"SearchAction\",\"target\":{\"@type\":\"EntryPoint\",\"urlTemplate\":\"https:\/\/marmarisdentalcenter.com\/tr\/?s={search_term_string}\"},\"query-input\":{\"@type\":\"PropertyValueSpecification\",\"valueRequired\":true,\"valueName\":\"search_term_string\"}}],\"inLanguage\":\"en-GB\"},{\"@type\":\"Organization\",\"@id\":\"https:\/\/marmarisdentalcenter.com\/tr\/#organization\",\"name\":\"Marmaris Dental Center\",\"url\":\"https:\/\/marmarisdentalcenter.com\/tr\/\",\"logo\":{\"@type\":\"ImageObject\",\"inLanguage\":\"en-GB\",\"@id\":\"https:\/\/marmarisdentalcenter.com\/tr\/#\/schema\/logo\/image\/\",\"url\":\"https:\/\/marmarisdentalcenter.com\/tr\/wp-content\/uploads\/2019\/07\/marmaris-03.png\",\"contentUrl\":\"https:\/\/marmarisdentalcenter.com\/tr\/wp-content\/uploads\/2019\/07\/marmaris-03.png\",\"width\":33,\"height\":33,\"caption\":\"Marmaris Dental Center\"},\"image\":{\"@id\":\"https:\/\/marmarisdentalcenter.com\/tr\/#\/schema\/logo\/image\/\"},\"sameAs\":[\"https:\/\/www.facebook.com\/marmarisdentalcenter\",\"https:\/\/x.com\/marmarisdental\"]}]}<\/script>\n<!-- \/ Yoast SEO Premium plugin. -->","yoast_head_json":{"title":"Di\u015f Esteti\u011fi \u0130le Daha Gen\u00e7 Bir G\u00f6r\u00fcn\u00fcme Kavu\u015fun","description":"Estetik Di\u015f Hekimlerimiz ve A\u011f\u0131z Cerrahlar\u0131m\u0131z, di\u015f eti \u00e7ekilmesi, a\u015f\u0131nm\u0131\u015f di\u015fler ve \u00e7\u00f6km\u00fc\u015f yanaklar gibi sorunlara kapsaml\u0131 bir yakla\u015f\u0131m getirerek gen\u00e7le\u015fmi\u015f bir g\u00f6r\u00fcn\u00fcm sa\u011flar.","robots":{"index":"index","follow":"follow","max-snippet":"max-snippet:-1","max-image-preview":"max-image-preview:large","max-video-preview":"max-video-preview:-1"},"canonical":"https:\/\/marmarisdentalcenter.com\/tr\/dental-facelift\/","og_locale":"en_GB","og_type":"article","og_title":"Y\u00fcz Gerdirme","og_description":"Estetik Di\u015f Hekimlerimiz ve A\u011f\u0131z Cerrahlar\u0131m\u0131z, di\u015f eti \u00e7ekilmesi, a\u015f\u0131nm\u0131\u015f di\u015fler ve \u00e7\u00f6km\u00fc\u015f yanaklar gibi sorunlara kapsaml\u0131 bir yakla\u015f\u0131m getirerek gen\u00e7le\u015fmi\u015f bir g\u00f6r\u00fcn\u00fcm sa\u011flar.","og_url":"https:\/\/marmarisdentalcenter.com\/tr\/dental-facelift\/","og_site_name":"Marmaris Dental Center","article_publisher":"https:\/\/www.facebook.com\/marmarisdentalcenter","article_modified_time":"2024-04-12T05:51:25+00:00","twitter_card":"summary_large_image","twitter_site":"@marmarisdental","twitter_misc":{"Estimated reading time":"3 minutes"},"schema":{"@context":"https:\/\/schema.org","@graph":[{"@type":"WebPage","@id":"https:\/\/marmarisdentalcenter.com\/tr\/dental-facelift\/","url":"https:\/\/marmarisdentalcenter.com\/tr\/dental-facelift\/","name":"Di\u015f Esteti\u011fi \u0130le Daha Gen\u00e7 Bir G\u00f6r\u00fcn\u00fcme Kavu\u015fun","isPartOf":{"@id":"https:\/\/marmarisdentalcenter.com\/tr\/#website"},"datePublished":"2023-04-01T07:56:26+00:00","dateModified":"2024-04-12T05:51:25+00:00","description":"Estetik Di\u015f Hekimlerimiz ve A\u011f\u0131z Cerrahlar\u0131m\u0131z, di\u015f eti \u00e7ekilmesi, a\u015f\u0131nm\u0131\u015f di\u015fler ve \u00e7\u00f6km\u00fc\u015f yanaklar gibi sorunlara kapsaml\u0131 bir yakla\u015f\u0131m getirerek gen\u00e7le\u015fmi\u015f bir g\u00f6r\u00fcn\u00fcm sa\u011flar.","breadcrumb":{"@id":"https:\/\/marmarisdentalcenter.com\/tr\/dental-facelift\/#breadcrumb"},"inLanguage":"en-GB","potentialAction":[{"@type":"ReadAction","target":["https:\/\/marmarisdentalcenter.com\/tr\/dental-facelift\/"]}]},{"@type":"BreadcrumbList","@id":"https:\/\/marmarisdentalcenter.com\/tr\/dental-facelift\/#breadcrumb","itemListElement":[{"@type":"ListItem","position":1,"name":"Home","item":"https:\/\/marmarisdentalcenter.com\/tr\/"},{"@type":"ListItem","position":2,"name":"Y\u00fcz Gerdirme"}]},{"@type":"WebSite","@id":"https:\/\/marmarisdentalcenter.com\/tr\/#website","url":"https:\/\/marmarisdentalcenter.com\/tr\/","name":"Marmaris Dental Center","description":"Smile Bright in Turkey with Marmaris Dental Center","publisher":{"@id":"https:\/\/marmarisdentalcenter.com\/tr\/#organization"},"potentialAction":[{"@type":"SearchAction","target":{"@type":"EntryPoint","urlTemplate":"https:\/\/marmarisdentalcenter.com\/tr\/?s={search_term_string}"},"query-input":{"@type":"PropertyValueSpecification","valueRequired":true,"valueName":"search_term_string"}}],"inLanguage":"en-GB"},{"@type":"Organization","@id":"https:\/\/marmarisdentalcenter.com\/tr\/#organization","name":"Marmaris Dental Center","url":"https:\/\/marmarisdentalcenter.com\/tr\/","logo":{"@type":"ImageObject","inLanguage":"en-GB","@id":"https:\/\/marmarisdentalcenter.com\/tr\/#\/schema\/logo\/image\/","url":"https:\/\/marmarisdentalcenter.com\/tr\/wp-content\/uploads\/2019\/07\/marmaris-03.png","contentUrl":"https:\/\/marmarisdentalcenter.com\/tr\/wp-content\/uploads\/2019\/07\/marmaris-03.png","width":33,"height":33,"caption":"Marmaris Dental Center"},"image":{"@id":"https:\/\/marmarisdentalcenter.com\/tr\/#\/schema\/logo\/image\/"},"sameAs":["https:\/\/www.facebook.com\/marmarisdentalcenter","https:\/\/x.com\/marmarisdental"]}]}},"_links":{"self":[{"href":"https:\/\/marmarisdentalcenter.com\/tr\/wp-json\/wp\/v2\/pages\/9228","targetHints":{"allow":["GET"]}}],"collection":[{"href":"https:\/\/marmarisdentalcenter.com\/tr\/wp-json\/wp\/v2\/pages"}],"about":[{"href":"https:\/\/marmarisdentalcenter.com\/tr\/wp-json\/wp\/v2\/types\/page"}],"author":[{"embeddable":true,"href":"https:\/\/marmarisdentalcenter.com\/tr\/wp-json\/wp\/v2\/users\/1"}],"replies":[{"embeddable":true,"href":"https:\/\/marmarisdentalcenter.com\/tr\/wp-json\/wp\/v2\/comments?post=9228"}],"version-history":[{"count":0,"href":"https:\/\/marmarisdentalcenter.com\/tr\/wp-json\/wp\/v2\/pages\/9228\/revisions"}],"wp:attachment":[{"href":"https:\/\/marmarisdentalcenter.com\/tr\/wp-json\/wp\/v2\/media?parent=9228"}],"curies":[{"name":"wp","href":"https:\/\/api.w.org\/{rel}","templated":true}]}}