{"id":5628,"date":"2020-01-15T10:52:16","date_gmt":"2020-01-15T07:52:16","guid":{"rendered":"https:\/\/marmarisdentalcenter.com\/?page_id=5628"},"modified":"2024-04-11T09:24:10","modified_gmt":"2024-04-11T06:24:10","slug":"dis-cekimi-marmaris","status":"publish","type":"page","link":"https:\/\/marmarisdentalcenter.com\/tr\/dis-cekimi-marmaris\/","title":{"rendered":"Di\u015f \u00c7ekimi"},"content":{"rendered":"<style type=\"text\/css\"><\/style>\t\t<div data-elementor-type=\"wp-page\" data-elementor-id=\"5628\" class=\"elementor elementor-5628\" data-elementor-post-type=\"page\">\n\t\t\t\t\t\t<section class=\"elementor-section elementor-top-section elementor-element elementor-element-ed5557e elementor-section-boxed elementor-section-height-default elementor-section-height-default\" data-id=\"ed5557e\" data-element_type=\"section\">\n\t\t\t\t\t\t<div class=\"elementor-container elementor-column-gap-default\">\n\t\t\t\t\t<div class=\"elementor-column elementor-col-100 elementor-top-column elementor-element elementor-element-b65bf72\" data-id=\"b65bf72\" data-element_type=\"column\">\n\t\t\t<div class=\"elementor-widget-wrap elementor-element-populated\">\n\t\t\t\t\t\t<div class=\"elementor-element elementor-element-f50af5e elementor-widget elementor-widget-heading\" data-id=\"f50af5e\" data-element_type=\"widget\" data-widget_type=\"heading.default\">\n\t\t\t\t<div class=\"elementor-widget-container\">\n\t\t\t<h2 class=\"elementor-heading-title elementor-size-default\">Di\u015f \u00c7ekimi Marmaris, T\u00fcrkiye<\/h2>\t\t<\/div>\n\t\t\t\t<\/div>\n\t\t\t\t\t<\/div>\n\t\t<\/div>\n\t\t\t\t\t<\/div>\n\t\t<\/section>\n\t\t\t\t<section class=\"elementor-section elementor-top-section elementor-element elementor-element-a4da117 elementor-section-boxed elementor-section-height-default elementor-section-height-default\" data-id=\"a4da117\" data-element_type=\"section\">\n\t\t\t\t\t\t<div class=\"elementor-container elementor-column-gap-default\">\n\t\t\t\t\t<div class=\"elementor-column elementor-col-100 elementor-top-column elementor-element elementor-element-0eece9f\" data-id=\"0eece9f\" data-element_type=\"column\">\n\t\t\t<div class=\"elementor-widget-wrap elementor-element-populated\">\n\t\t\t\t\t\t<div class=\"elementor-element elementor-element-ce97ab4 elementor-widget elementor-widget-text-editor\" data-id=\"ce97ab4\" data-element_type=\"widget\" data-widget_type=\"text-editor.default\">\n\t\t\t\t<div class=\"elementor-widget-container\">\n\t\t\t\t\t\t\t<p>Marmaris Dental Center&#8217;da deneyimli ekibimiz, her ya\u015f grubundan hastalar i\u00e7in g\u00fcvenli ve etkili di\u015f \u00e7ekimi hizmeti sunmaktad\u0131r. Her zaman m\u00fcmk\u00fcn oldu\u011funca do\u011fal di\u015fleri korumaya \u00e7al\u0131\u015fsak da, oral sa\u011fl\u0131\u011f\u0131n\u0131z\u0131 korumak i\u00e7in di\u015f \u00e7ekiminin gerekli oldu\u011fu durumlar vard\u0131r.<\/p><p>Di\u015f \u00e7ekimi gerektiren yayg\u0131n nedenler aras\u0131nda ciddi \u00e7\u00fcr\u00fck, hasar, enfeksiyon veya s\u0131k\u0131\u015fma (bir di\u015f tamamen \u00e7\u0131kamad\u0131\u011f\u0131nda) bulunur. \u00c7ekim i\u015flemini m\u00fcmk\u00fcn oldu\u011funca rahat ve verimli hale getirmek i\u00e7in en son di\u015f teknolojisini ve tekniklerini kullan\u0131yoruz.<\/p><p>\u0130\u015flem \u00f6ncesinde etkilenen di\u015fi ve \u00e7evresini detayl\u0131 bir \u015fekilde inceleyecek ve \u00e7ekim s\u0131ras\u0131nda size konforlu ve a\u011fr\u0131s\u0131z bir deneyim ya\u015fatmak i\u00e7in lokal anestezi uygulayaca\u011f\u0131z. Uzman di\u015f\u00e7ilerimiz daha sonra \u00f6zel aletler ve teknikler kullanarak dikkatlice di\u015fi \u00e7\u0131karacak ve optimal iyile\u015fmeyi te\u015fvik etmek ve rahats\u0131zl\u0131\u011f\u0131 en aza indirmek i\u00e7in detayl\u0131 bir bak\u0131m talimat\u0131 sa\u011flayacakt\u0131r.<\/p><p>Di\u015f \u00e7ekiminin korkutucu olabilece\u011finin fark\u0131nday\u0131z, ancak emin olun ki sevgi dolu ekibimiz her ad\u0131mda sizin yan\u0131n\u0131zda olacakt\u0131r. Size \u00f6zg\u00fc ihtiya\u00e7lar\u0131n\u0131z\u0131 kar\u015f\u0131layan ve optimal a\u011f\u0131z sa\u011fl\u0131\u011f\u0131na ula\u015fman\u0131za yard\u0131mc\u0131 olan ki\u015fiselle\u015ftirilmi\u015f bir tedavi plan\u0131 olu\u015fturmak i\u00e7in yak\u0131n i\u015fbirli\u011fi i\u00e7inde \u00e7al\u0131\u015faca\u011f\u0131z.<\/p><p><b>Di\u015f \u00e7ekimi hizmetlerimiz hakk\u0131nda daha fazla bilgi edinmek veya bir dan\u0131\u015fma randevusu ayarlamak i\u00e7in bug\u00fcn bizimle ileti\u015fime ge\u00e7mekten \u00e7ekinmeyin.<\/b><\/p>\t\t\t\t\t\t<\/div>\n\t\t\t\t<\/div>\n\t\t\t\t\t<\/div>\n\t\t<\/div>\n\t\t\t\t\t<\/div>\n\t\t<\/section>\n\t\t\t\t<section class=\"elementor-section elementor-top-section elementor-element elementor-element-0e24f98 elementor-section-boxed elementor-section-height-default elementor-section-height-default\" data-id=\"0e24f98\" data-element_type=\"section\">\n\t\t\t\t\t\t<div class=\"elementor-container elementor-column-gap-default\">\n\t\t\t\t\t<div class=\"elementor-column elementor-col-50 elementor-top-column elementor-element elementor-element-368cc67\" data-id=\"368cc67\" data-element_type=\"column\">\n\t\t\t<div class=\"elementor-widget-wrap elementor-element-populated\">\n\t\t\t\t\t\t<div class=\"elementor-element elementor-element-1423945 elementor-button-align-stretch elementor-widget elementor-widget-form\" data-id=\"1423945\" data-element_type=\"widget\" data-settings=\"{&quot;step_next_label&quot;:&quot;Next&quot;,&quot;step_previous_label&quot;:&quot;Previous&quot;,&quot;button_width&quot;:&quot;100&quot;,&quot;step_type&quot;:&quot;number_text&quot;,&quot;step_icon_shape&quot;:&quot;circle&quot;}\" data-widget_type=\"form.default\">\n\t\t\t\t<div class=\"elementor-widget-container\">\n\t\t\t\t\t<form class=\"elementor-form\" method=\"post\" name=\"New Form\">\n\t\t\t<input type=\"hidden\" name=\"post_id\" value=\"5628\"\/>\n\t\t\t<input type=\"hidden\" name=\"form_id\" value=\"1423945\"\/>\n\t\t\t<input type=\"hidden\" name=\"referer_title\" value=\"Marmaris Dental Center\" \/>\n\n\t\t\t\n\t\t\t<div class=\"elementor-form-fields-wrapper elementor-labels-above\">\n\t\t\t\t\t\t\t\t<div class=\"elementor-field-type-text elementor-field-group elementor-column elementor-field-group-name elementor-col-100\">\n\t\t\t\t\t\t\t\t\t\t\t\t<label for=\"form-field-name\" class=\"elementor-field-label\">\n\t\t\t\t\t\t\t\tName\t\t\t\t\t\t\t<\/label>\n\t\t\t\t\t\t\t\t\t\t\t\t\t\t<input size=\"1\" type=\"text\" name=\"form_fields[name]\" id=\"form-field-name\" class=\"elementor-field elementor-size-sm  elementor-field-textual\" placeholder=\"Name\">\n\t\t\t\t\t\t\t\t\t\t\t<\/div>\n\t\t\t\t\t\t\t\t<div class=\"elementor-field-type-email elementor-field-group elementor-column elementor-field-group-email elementor-col-100 elementor-field-required\">\n\t\t\t\t\t\t\t\t\t\t\t\t<label for=\"form-field-email\" class=\"elementor-field-label\">\n\t\t\t\t\t\t\t\tEmail\t\t\t\t\t\t\t<\/label>\n\t\t\t\t\t\t\t\t\t\t\t\t\t\t<input size=\"1\" type=\"email\" name=\"form_fields[email]\" id=\"form-field-email\" class=\"elementor-field elementor-size-sm  elementor-field-textual\" placeholder=\"Email\" required=\"required\" aria-required=\"true\">\n\t\t\t\t\t\t\t\t\t\t\t<\/div>\n\t\t\t\t\t\t\t\t<div class=\"elementor-field-type-text elementor-field-group elementor-column elementor-field-group-field_2c302fe elementor-col-100 elementor-field-required\">\n\t\t\t\t\t\t\t\t\t\t\t\t<label for=\"form-field-field_2c302fe\" class=\"elementor-field-label\">\n\t\t\t\t\t\t\t\tPhone\t\t\t\t\t\t\t<\/label>\n\t\t\t\t\t\t\t\t\t\t\t\t\t\t<input size=\"1\" type=\"text\" name=\"form_fields[field_2c302fe]\" id=\"form-field-field_2c302fe\" class=\"elementor-field elementor-size-sm  elementor-field-textual\" placeholder=\"Phone\" required=\"required\" aria-required=\"true\">\n\t\t\t\t\t\t\t\t\t\t\t<\/div>\n\t\t\t\t\t\t\t\t<div class=\"elementor-field-type-textarea elementor-field-group elementor-column elementor-field-group-message elementor-col-100\">\n\t\t\t\t\t\t\t\t\t\t\t\t<label for=\"form-field-message\" class=\"elementor-field-label\">\n\t\t\t\t\t\t\t\tMessage\t\t\t\t\t\t\t<\/label>\n\t\t\t\t\t\t<textarea class=\"elementor-field-textual elementor-field  elementor-size-sm\" name=\"form_fields[message]\" id=\"form-field-message\" rows=\"4\" placeholder=\"Message\"><\/textarea>\t\t\t\t<\/div>\n\t\t\t\t\t\t\t\t<div class=\"elementor-field-group elementor-column elementor-field-type-submit elementor-col-100 e-form__buttons\">\n\t\t\t\t\t<button class=\"elementor-button elementor-size-sm\" type=\"submit\">\n\t\t\t\t\t\t<span class=\"elementor-button-content-wrapper\">\n\t\t\t\t\t\t\t\t\t\t\t\t\t\t\t\t\t\t\t\t\t\t<span class=\"elementor-button-text\">Send<\/span>\n\t\t\t\t\t\t\t\t\t\t\t\t\t<\/span>\n\t\t\t\t\t<\/button>\n\t\t\t\t<\/div>\n\t\t\t<\/div>\n\t\t<\/form>\n\t\t\t\t<\/div>\n\t\t\t\t<\/div>\n\t\t\t\t<div class=\"elementor-element elementor-element-18aa7a7 elementor-grid-1 elementor-hidden-desktop elementor-hidden-tablet e-grid-align-right elementor-shape-rounded elementor-widget elementor-widget-social-icons\" data-id=\"18aa7a7\" data-element_type=\"widget\" data-widget_type=\"social-icons.default\">\n\t\t\t\t<div class=\"elementor-widget-container\">\n\t\t\t\t\t<div class=\"elementor-social-icons-wrapper elementor-grid\">\n\t\t\t\t\t\t\t<span class=\"elementor-grid-item\">\n\t\t\t\t\t<a class=\"elementor-icon elementor-social-icon elementor-social-icon-whatsapp elementor-repeater-item-0ef3ecc\" href=\"https:\/\/wa.me\/+908508851476\" target=\"_blank\">\n\t\t\t\t\t\t<span class=\"elementor-screen-only\">Whatsapp<\/span>\n\t\t\t\t\t\t<i class=\"fab fa-whatsapp\"><\/i>\t\t\t\t\t<\/a>\n\t\t\t\t<\/span>\n\t\t\t\t\t<\/div>\n\t\t\t\t<\/div>\n\t\t\t\t<\/div>\n\t\t\t\t\t<\/div>\n\t\t<\/div>\n\t\t\t\t<div class=\"elementor-column elementor-col-50 elementor-top-column elementor-element elementor-element-1939b22\" data-id=\"1939b22\" data-element_type=\"column\">\n\t\t\t<div class=\"elementor-widget-wrap elementor-element-populated\">\n\t\t\t\t\t\t<div class=\"elementor-element elementor-element-d32339a elementor-hidden-desktop elementor-widget elementor-widget-heading\" data-id=\"d32339a\" data-element_type=\"widget\" data-widget_type=\"heading.default\">\n\t\t\t\t<div class=\"elementor-widget-container\">\n\t\t\t<h2 class=\"elementor-heading-title elementor-size-default\">Son Blog Yaz\u0131lar\u0131<\/h2>\t\t<\/div>\n\t\t\t\t<\/div>\n\t\t\t\t\t<\/div>\n\t\t<\/div>\n\t\t\t\t\t<\/div>\n\t\t<\/section>\n\t\t\t\t<\/div>\n\t\t","protected":false},"excerpt":{"rendered":"<p>Di\u015f \u00c7ekimi Marmaris, T\u00fcrkiye Marmaris Dental Center&#8217;da deneyimli ekibimiz, her ya\u015f grubundan hastalar i\u00e7in g\u00fcvenli ve etkili di\u015f \u00e7ekimi hizmeti sunmaktad\u0131r. Her zaman m\u00fcmk\u00fcn oldu\u011funca do\u011fal di\u015fleri korumaya \u00e7al\u0131\u015fsak da, oral sa\u011fl\u0131\u011f\u0131n\u0131z\u0131 korumak i\u00e7in di\u015f \u00e7ekiminin gerekli oldu\u011fu durumlar vard\u0131r. Di\u015f \u00e7ekimi gerektiren yayg\u0131n nedenler aras\u0131nda ciddi \u00e7\u00fcr\u00fck, hasar, enfeksiyon veya s\u0131k\u0131\u015fma (bir di\u015f tamamen&#8230;<\/p>\n","protected":false},"author":1,"featured_media":0,"parent":0,"menu_order":0,"comment_status":"closed","ping_status":"closed","template":"","meta":{"footnotes":""},"class_list":["post-5628","page","type-page","status-publish","hentry"],"yoast_head":"<!-- This site is optimized with the Yoast SEO Premium plugin v20.0 (Yoast SEO v24.0) - https:\/\/yoast.com\/wordpress\/plugins\/seo\/ -->\n<title>Di\u015f \u00c7ekimi | G\u00fcvenli ve A\u011fr\u0131s\u0131z \u0130\u015flem<\/title>\n<meta name=\"description\" content=\"Marmaris, T\u00fcrkiye&#039;de g\u00fcvenli ve a\u011fr\u0131s\u0131z di\u015f \u00e7ekimi i\u00e7in yetenekli di\u015f ekibimize g\u00fcvenin. Hastalar\u0131m\u0131za konforlu bir deneyim sa\u011flamak i\u00e7in en son teknikleri kullan\u0131yoruz. \u0130ster basit bir ekstraksiyona ister daha karma\u015f\u0131k bir prosed\u00fcre ihtiyac\u0131n\u0131z olsun, yard\u0131m etmek i\u00e7in buraday\u0131z. Hemen randevunuzu al\u0131n ve di\u015f a\u011fr\u0131lar\u0131n\u0131za veda edin!\" \/>\n<meta name=\"robots\" content=\"index, follow, max-snippet:-1, max-image-preview:large, max-video-preview:-1\" \/>\n<link rel=\"canonical\" href=\"https:\/\/marmarisdentalcenter.com\/tr\/dis-cekimi-marmaris\/\" \/>\n<meta property=\"og:locale\" content=\"en_GB\" \/>\n<meta property=\"og:type\" content=\"article\" \/>\n<meta property=\"og:title\" content=\"Di\u015f \u00c7ekimi\" \/>\n<meta property=\"og:description\" content=\"Marmaris, T\u00fcrkiye&#039;de g\u00fcvenli ve a\u011fr\u0131s\u0131z di\u015f \u00e7ekimi i\u00e7in yetenekli di\u015f ekibimize g\u00fcvenin. Hastalar\u0131m\u0131za konforlu bir deneyim sa\u011flamak i\u00e7in en son teknikleri kullan\u0131yoruz. \u0130ster basit bir ekstraksiyona ister daha karma\u015f\u0131k bir prosed\u00fcre ihtiyac\u0131n\u0131z olsun, yard\u0131m etmek i\u00e7in buraday\u0131z. Hemen randevunuzu al\u0131n ve di\u015f a\u011fr\u0131lar\u0131n\u0131za veda edin!\" \/>\n<meta property=\"og:url\" content=\"https:\/\/marmarisdentalcenter.com\/tr\/dis-cekimi-marmaris\/\" \/>\n<meta property=\"og:site_name\" content=\"Marmaris Dental Center\" \/>\n<meta property=\"article:publisher\" content=\"https:\/\/www.facebook.com\/marmarisdentalcenter\" \/>\n<meta property=\"article:modified_time\" content=\"2024-04-11T06:24:10+00:00\" \/>\n<meta name=\"twitter:card\" content=\"summary_large_image\" \/>\n<meta name=\"twitter:site\" content=\"@marmarisdental\" \/>\n<meta name=\"twitter:label1\" content=\"Estimated reading time\" \/>\n\t<meta name=\"twitter:data1\" content=\"3 minutes\" \/>\n<script type=\"application\/ld+json\" class=\"yoast-schema-graph\">{\"@context\":\"https:\/\/schema.org\",\"@graph\":[{\"@type\":\"WebPage\",\"@id\":\"https:\/\/marmarisdentalcenter.com\/tr\/dis-cekimi-marmaris\/\",\"url\":\"https:\/\/marmarisdentalcenter.com\/tr\/dis-cekimi-marmaris\/\",\"name\":\"Di\u015f \u00c7ekimi | G\u00fcvenli ve A\u011fr\u0131s\u0131z \u0130\u015flem\",\"isPartOf\":{\"@id\":\"https:\/\/marmarisdentalcenter.com\/tr\/#website\"},\"datePublished\":\"2020-01-15T07:52:16+00:00\",\"dateModified\":\"2024-04-11T06:24:10+00:00\",\"description\":\"Marmaris, T\u00fcrkiye'de g\u00fcvenli ve a\u011fr\u0131s\u0131z di\u015f \u00e7ekimi i\u00e7in yetenekli di\u015f ekibimize g\u00fcvenin. Hastalar\u0131m\u0131za konforlu bir deneyim sa\u011flamak i\u00e7in en son teknikleri kullan\u0131yoruz. \u0130ster basit bir ekstraksiyona ister daha karma\u015f\u0131k bir prosed\u00fcre ihtiyac\u0131n\u0131z olsun, yard\u0131m etmek i\u00e7in buraday\u0131z. Hemen randevunuzu al\u0131n ve di\u015f a\u011fr\u0131lar\u0131n\u0131za veda edin!\",\"breadcrumb\":{\"@id\":\"https:\/\/marmarisdentalcenter.com\/tr\/dis-cekimi-marmaris\/#breadcrumb\"},\"inLanguage\":\"en-GB\",\"potentialAction\":[{\"@type\":\"ReadAction\",\"target\":[\"https:\/\/marmarisdentalcenter.com\/tr\/dis-cekimi-marmaris\/\"]}]},{\"@type\":\"BreadcrumbList\",\"@id\":\"https:\/\/marmarisdentalcenter.com\/tr\/dis-cekimi-marmaris\/#breadcrumb\",\"itemListElement\":[{\"@type\":\"ListItem\",\"position\":1,\"name\":\"Home\",\"item\":\"https:\/\/marmarisdentalcenter.com\/tr\/\"},{\"@type\":\"ListItem\",\"position\":2,\"name\":\"Di\u015f \u00c7ekimi\"}]},{\"@type\":\"WebSite\",\"@id\":\"https:\/\/marmarisdentalcenter.com\/tr\/#website\",\"url\":\"https:\/\/marmarisdentalcenter.com\/tr\/\",\"name\":\"Marmaris Dental Center\",\"description\":\"Smile Bright in Turkey with Marmaris Dental Center\",\"publisher\":{\"@id\":\"https:\/\/marmarisdentalcenter.com\/tr\/#organization\"},\"potentialAction\":[{\"@type\":\"SearchAction\",\"target\":{\"@type\":\"EntryPoint\",\"urlTemplate\":\"https:\/\/marmarisdentalcenter.com\/tr\/?s={search_term_string}\"},\"query-input\":{\"@type\":\"PropertyValueSpecification\",\"valueRequired\":true,\"valueName\":\"search_term_string\"}}],\"inLanguage\":\"en-GB\"},{\"@type\":\"Organization\",\"@id\":\"https:\/\/marmarisdentalcenter.com\/tr\/#organization\",\"name\":\"Marmaris Dental Center\",\"url\":\"https:\/\/marmarisdentalcenter.com\/tr\/\",\"logo\":{\"@type\":\"ImageObject\",\"inLanguage\":\"en-GB\",\"@id\":\"https:\/\/marmarisdentalcenter.com\/tr\/#\/schema\/logo\/image\/\",\"url\":\"https:\/\/marmarisdentalcenter.com\/tr\/wp-content\/uploads\/2019\/07\/marmaris-03.png\",\"contentUrl\":\"https:\/\/marmarisdentalcenter.com\/tr\/wp-content\/uploads\/2019\/07\/marmaris-03.png\",\"width\":33,\"height\":33,\"caption\":\"Marmaris Dental Center\"},\"image\":{\"@id\":\"https:\/\/marmarisdentalcenter.com\/tr\/#\/schema\/logo\/image\/\"},\"sameAs\":[\"https:\/\/www.facebook.com\/marmarisdentalcenter\",\"https:\/\/x.com\/marmarisdental\"]}]}<\/script>\n<!-- \/ Yoast SEO Premium plugin. -->","yoast_head_json":{"title":"Di\u015f \u00c7ekimi | G\u00fcvenli ve A\u011fr\u0131s\u0131z \u0130\u015flem","description":"Marmaris, T\u00fcrkiye'de g\u00fcvenli ve a\u011fr\u0131s\u0131z di\u015f \u00e7ekimi i\u00e7in yetenekli di\u015f ekibimize g\u00fcvenin. Hastalar\u0131m\u0131za konforlu bir deneyim sa\u011flamak i\u00e7in en son teknikleri kullan\u0131yoruz. \u0130ster basit bir ekstraksiyona ister daha karma\u015f\u0131k bir prosed\u00fcre ihtiyac\u0131n\u0131z olsun, yard\u0131m etmek i\u00e7in buraday\u0131z. Hemen randevunuzu al\u0131n ve di\u015f a\u011fr\u0131lar\u0131n\u0131za veda edin!","robots":{"index":"index","follow":"follow","max-snippet":"max-snippet:-1","max-image-preview":"max-image-preview:large","max-video-preview":"max-video-preview:-1"},"canonical":"https:\/\/marmarisdentalcenter.com\/tr\/dis-cekimi-marmaris\/","og_locale":"en_GB","og_type":"article","og_title":"Di\u015f \u00c7ekimi","og_description":"Marmaris, T\u00fcrkiye'de g\u00fcvenli ve a\u011fr\u0131s\u0131z di\u015f \u00e7ekimi i\u00e7in yetenekli di\u015f ekibimize g\u00fcvenin. Hastalar\u0131m\u0131za konforlu bir deneyim sa\u011flamak i\u00e7in en son teknikleri kullan\u0131yoruz. \u0130ster basit bir ekstraksiyona ister daha karma\u015f\u0131k bir prosed\u00fcre ihtiyac\u0131n\u0131z olsun, yard\u0131m etmek i\u00e7in buraday\u0131z. Hemen randevunuzu al\u0131n ve di\u015f a\u011fr\u0131lar\u0131n\u0131za veda edin!","og_url":"https:\/\/marmarisdentalcenter.com\/tr\/dis-cekimi-marmaris\/","og_site_name":"Marmaris Dental Center","article_publisher":"https:\/\/www.facebook.com\/marmarisdentalcenter","article_modified_time":"2024-04-11T06:24:10+00:00","twitter_card":"summary_large_image","twitter_site":"@marmarisdental","twitter_misc":{"Estimated reading time":"3 minutes"},"schema":{"@context":"https:\/\/schema.org","@graph":[{"@type":"WebPage","@id":"https:\/\/marmarisdentalcenter.com\/tr\/dis-cekimi-marmaris\/","url":"https:\/\/marmarisdentalcenter.com\/tr\/dis-cekimi-marmaris\/","name":"Di\u015f \u00c7ekimi | G\u00fcvenli ve A\u011fr\u0131s\u0131z \u0130\u015flem","isPartOf":{"@id":"https:\/\/marmarisdentalcenter.com\/tr\/#website"},"datePublished":"2020-01-15T07:52:16+00:00","dateModified":"2024-04-11T06:24:10+00:00","description":"Marmaris, T\u00fcrkiye'de g\u00fcvenli ve a\u011fr\u0131s\u0131z di\u015f \u00e7ekimi i\u00e7in yetenekli di\u015f ekibimize g\u00fcvenin. Hastalar\u0131m\u0131za konforlu bir deneyim sa\u011flamak i\u00e7in en son teknikleri kullan\u0131yoruz. \u0130ster basit bir ekstraksiyona ister daha karma\u015f\u0131k bir prosed\u00fcre ihtiyac\u0131n\u0131z olsun, yard\u0131m etmek i\u00e7in buraday\u0131z. Hemen randevunuzu al\u0131n ve di\u015f a\u011fr\u0131lar\u0131n\u0131za veda edin!","breadcrumb":{"@id":"https:\/\/marmarisdentalcenter.com\/tr\/dis-cekimi-marmaris\/#breadcrumb"},"inLanguage":"en-GB","potentialAction":[{"@type":"ReadAction","target":["https:\/\/marmarisdentalcenter.com\/tr\/dis-cekimi-marmaris\/"]}]},{"@type":"BreadcrumbList","@id":"https:\/\/marmarisdentalcenter.com\/tr\/dis-cekimi-marmaris\/#breadcrumb","itemListElement":[{"@type":"ListItem","position":1,"name":"Home","item":"https:\/\/marmarisdentalcenter.com\/tr\/"},{"@type":"ListItem","position":2,"name":"Di\u015f \u00c7ekimi"}]},{"@type":"WebSite","@id":"https:\/\/marmarisdentalcenter.com\/tr\/#website","url":"https:\/\/marmarisdentalcenter.com\/tr\/","name":"Marmaris Dental Center","description":"Smile Bright in Turkey with Marmaris Dental Center","publisher":{"@id":"https:\/\/marmarisdentalcenter.com\/tr\/#organization"},"potentialAction":[{"@type":"SearchAction","target":{"@type":"EntryPoint","urlTemplate":"https:\/\/marmarisdentalcenter.com\/tr\/?s={search_term_string}"},"query-input":{"@type":"PropertyValueSpecification","valueRequired":true,"valueName":"search_term_string"}}],"inLanguage":"en-GB"},{"@type":"Organization","@id":"https:\/\/marmarisdentalcenter.com\/tr\/#organization","name":"Marmaris Dental Center","url":"https:\/\/marmarisdentalcenter.com\/tr\/","logo":{"@type":"ImageObject","inLanguage":"en-GB","@id":"https:\/\/marmarisdentalcenter.com\/tr\/#\/schema\/logo\/image\/","url":"https:\/\/marmarisdentalcenter.com\/tr\/wp-content\/uploads\/2019\/07\/marmaris-03.png","contentUrl":"https:\/\/marmarisdentalcenter.com\/tr\/wp-content\/uploads\/2019\/07\/marmaris-03.png","width":33,"height":33,"caption":"Marmaris Dental Center"},"image":{"@id":"https:\/\/marmarisdentalcenter.com\/tr\/#\/schema\/logo\/image\/"},"sameAs":["https:\/\/www.facebook.com\/marmarisdentalcenter","https:\/\/x.com\/marmarisdental"]}]}},"_links":{"self":[{"href":"https:\/\/marmarisdentalcenter.com\/tr\/wp-json\/wp\/v2\/pages\/5628","targetHints":{"allow":["GET"]}}],"collection":[{"href":"https:\/\/marmarisdentalcenter.com\/tr\/wp-json\/wp\/v2\/pages"}],"about":[{"href":"https:\/\/marmarisdentalcenter.com\/tr\/wp-json\/wp\/v2\/types\/page"}],"author":[{"embeddable":true,"href":"https:\/\/marmarisdentalcenter.com\/tr\/wp-json\/wp\/v2\/users\/1"}],"replies":[{"embeddable":true,"href":"https:\/\/marmarisdentalcenter.com\/tr\/wp-json\/wp\/v2\/comments?post=5628"}],"version-history":[{"count":0,"href":"https:\/\/marmarisdentalcenter.com\/tr\/wp-json\/wp\/v2\/pages\/5628\/revisions"}],"wp:attachment":[{"href":"https:\/\/marmarisdentalcenter.com\/tr\/wp-json\/wp\/v2\/media?parent=5628"}],"curies":[{"name":"wp","href":"https:\/\/api.w.org\/{rel}","templated":true}]}}