{"id":1261,"date":"2015-07-23T14:27:58","date_gmt":"2015-07-23T14:27:58","guid":{"rendered":"http:\/\/medicine-plus.cmsmasters.net\/?page_id=1261"},"modified":"2024-03-20T19:55:59","modified_gmt":"2024-03-20T16:55:59","slug":"kontakt-zum-marmaris-dental-center","status":"publish","type":"page","link":"https:\/\/marmarisdentalcenter.com\/de\/kontakt-zum-marmaris-dental-center\/","title":{"rendered":"Kontakt"},"content":{"rendered":"<style type=\"text\/css\"><\/style>\t\t<div data-elementor-type=\"wp-page\" data-elementor-id=\"1261\" class=\"elementor elementor-1261\" data-elementor-post-type=\"page\">\n\t\t\t\t\t\t<section class=\"elementor-section elementor-top-section elementor-element elementor-element-15018fd elementor-section-boxed elementor-section-height-default elementor-section-height-default\" data-id=\"15018fd\" data-element_type=\"section\">\n\t\t\t\t\t\t<div class=\"elementor-container elementor-column-gap-default\">\n\t\t\t\t\t<div class=\"elementor-column elementor-col-100 elementor-top-column elementor-element elementor-element-c6051d0\" data-id=\"c6051d0\" data-element_type=\"column\">\n\t\t\t<div class=\"elementor-widget-wrap elementor-element-populated\">\n\t\t\t\t\t\t<div class=\"elementor-element elementor-element-b83fb9e elementor-widget elementor-widget-heading\" data-id=\"b83fb9e\" data-element_type=\"widget\" data-widget_type=\"heading.default\">\n\t\t\t\t<div class=\"elementor-widget-container\">\n\t\t\t<h2 class=\"elementor-heading-title elementor-size-default\">Zahnklinik T\u00fcrkei<\/h2>\t\t<\/div>\n\t\t\t\t<\/div>\n\t\t\t\t\t<\/div>\n\t\t<\/div>\n\t\t\t\t\t<\/div>\n\t\t<\/section>\n\t\t\t\t<section class=\"elementor-section elementor-top-section elementor-element elementor-element-74d9cb1 elementor-section-boxed elementor-section-height-default elementor-section-height-default\" data-id=\"74d9cb1\" data-element_type=\"section\">\n\t\t\t\t\t\t<div class=\"elementor-container elementor-column-gap-default\">\n\t\t\t\t\t<div class=\"elementor-column elementor-col-100 elementor-top-column elementor-element elementor-element-a202cbe\" data-id=\"a202cbe\" data-element_type=\"column\">\n\t\t\t<div class=\"elementor-widget-wrap elementor-element-populated\">\n\t\t\t\t\t\t<div class=\"elementor-element elementor-element-ae548b6 elementor-widget elementor-widget-text-editor\" data-id=\"ae548b6\" data-element_type=\"widget\" data-widget_type=\"text-editor.default\">\n\t\t\t\t<div class=\"elementor-widget-container\">\n\t\t\t\t\t\t\t<p>In unserer Zahnklinik in der T\u00fcrkei bem\u00fchen wir uns, das Niveau an Service zu bieten, das wir selbst erwarten w\u00fcrden. Wir verpflichten uns, unseren Patienten von dem Moment an, in dem sie unsere T\u00fcren betreten, bis zu dem Zeitpunkt, an dem sie unsere Betreuung verlassen, ein au\u00dfergew\u00f6hnliches Erlebnis zu bieten. Unser Ziel ist es sicherzustellen, dass sich jeder Patient w\u00e4hrend seines gesamten Behandlungswegs wohl, informiert und gut betreut f\u00fchlt. Wenn Sie auf der Suche nach einem Zahnarzt sind, der Ihre Bed\u00fcrfnisse wirklich an erste Stelle setzt, laden wir Sie in der Zahnklinik T\u00fcrkei Marmaris ein, uns noch heute zu kontaktieren.<\/p>\t\t\t\t\t\t<\/div>\n\t\t\t\t<\/div>\n\t\t\t\t\t<\/div>\n\t\t<\/div>\n\t\t\t\t\t<\/div>\n\t\t<\/section>\n\t\t\t\t<section class=\"elementor-section elementor-top-section elementor-element elementor-element-d1c08f8 elementor-section-boxed elementor-section-height-default elementor-section-height-default\" data-id=\"d1c08f8\" data-element_type=\"section\">\n\t\t\t\t\t\t<div class=\"elementor-container elementor-column-gap-default\">\n\t\t\t\t\t<div class=\"elementor-column elementor-col-50 elementor-top-column elementor-element elementor-element-17bb0a4\" data-id=\"17bb0a4\" data-element_type=\"column\">\n\t\t\t<div class=\"elementor-widget-wrap elementor-element-populated\">\n\t\t\t\t\t\t<div class=\"elementor-element elementor-element-989f82c elementor-widget elementor-widget-heading\" data-id=\"989f82c\" data-element_type=\"widget\" data-widget_type=\"heading.default\">\n\t\t\t\t<div class=\"elementor-widget-container\">\n\t\t\t<h2 class=\"elementor-heading-title elementor-size-default\">Fragen? Kommentare? Bitte f\u00fcllen Sie die Felder aus und wir werden versuchen, Ihnen zu helfen<\/h2>\t\t<\/div>\n\t\t\t\t<\/div>\n\t\t\t\t<div class=\"elementor-element elementor-element-9730f9a elementor-widget elementor-widget-image\" data-id=\"9730f9a\" data-element_type=\"widget\" data-widget_type=\"image.default\">\n\t\t\t\t<div class=\"elementor-widget-container\">\n\t\t\t\t\t\t\t\t\t\t\t\t\t<img fetchpriority=\"high\" decoding=\"async\" width=\"1024\" height=\"680\" src=\"https:\/\/marmarisdentalcenter.com\/de\/wp-content\/uploads\/2019\/07\/call-center-operator-with-headphones-CDXHKBR_1024x680.webp\" class=\"attachment-large size-large wp-image-4674\" alt=\"\" srcset=\"https:\/\/marmarisdentalcenter.com\/de\/wp-content\/uploads\/2019\/07\/call-center-operator-with-headphones-CDXHKBR_1024x680.webp 1024w, https:\/\/marmarisdentalcenter.com\/de\/wp-content\/uploads\/2019\/07\/call-center-operator-with-headphones-CDXHKBR_1024x680-300x199.webp 300w, https:\/\/marmarisdentalcenter.com\/de\/wp-content\/uploads\/2019\/07\/call-center-operator-with-headphones-CDXHKBR_1024x680-768x510.webp 768w, https:\/\/marmarisdentalcenter.com\/de\/wp-content\/uploads\/2019\/07\/call-center-operator-with-headphones-CDXHKBR_1024x680-580x385.webp 580w, https:\/\/marmarisdentalcenter.com\/de\/wp-content\/uploads\/2019\/07\/call-center-operator-with-headphones-CDXHKBR_1024x680-860x571.webp 860w\" sizes=\"(max-width: 1024px) 100vw, 1024px\" \/>\t\t\t\t\t\t\t\t\t\t\t\t\t<\/div>\n\t\t\t\t<\/div>\n\t\t\t\t\t<\/div>\n\t\t<\/div>\n\t\t\t\t<div class=\"elementor-column elementor-col-50 elementor-top-column elementor-element elementor-element-bc1718d\" data-id=\"bc1718d\" data-element_type=\"column\">\n\t\t\t<div class=\"elementor-widget-wrap elementor-element-populated\">\n\t\t\t\t\t\t<div class=\"elementor-element elementor-element-c99f5d9 elementor-button-align-stretch elementor-widget elementor-widget-form\" data-id=\"c99f5d9\" data-element_type=\"widget\" data-settings=\"{&quot;step_next_label&quot;:&quot;Next&quot;,&quot;step_previous_label&quot;:&quot;Previous&quot;,&quot;button_width&quot;:&quot;100&quot;,&quot;step_type&quot;:&quot;number_text&quot;,&quot;step_icon_shape&quot;:&quot;circle&quot;}\" data-widget_type=\"form.default\">\n\t\t\t\t<div class=\"elementor-widget-container\">\n\t\t\t\t\t<form class=\"elementor-form\" method=\"post\" name=\"New Form\">\n\t\t\t<input type=\"hidden\" name=\"post_id\" value=\"1261\"\/>\n\t\t\t<input type=\"hidden\" name=\"form_id\" value=\"c99f5d9\"\/>\n\t\t\t<input type=\"hidden\" name=\"referer_title\" value=\"Marmaris Dental Center\" \/>\n\n\t\t\t\n\t\t\t<div class=\"elementor-form-fields-wrapper elementor-labels-above\">\n\t\t\t\t\t\t\t\t<div class=\"elementor-field-type-text elementor-field-group elementor-column elementor-field-group-name1 elementor-col-100\">\n\t\t\t\t\t\t\t\t\t\t\t\t<label for=\"form-field-name1\" class=\"elementor-field-label\">\n\t\t\t\t\t\t\t\tName\t\t\t\t\t\t\t<\/label>\n\t\t\t\t\t\t\t\t\t\t\t\t\t\t<input size=\"1\" type=\"text\" name=\"form_fields[name1]\" id=\"form-field-name1\" class=\"elementor-field elementor-size-sm  elementor-field-textual\" placeholder=\"Name\">\n\t\t\t\t\t\t\t\t\t\t\t<\/div>\n\t\t\t\t\t\t\t\t<div class=\"elementor-field-type-email elementor-field-group elementor-column elementor-field-group-email1 elementor-col-100 elementor-field-required\">\n\t\t\t\t\t\t\t\t\t\t\t\t<label for=\"form-field-email1\" class=\"elementor-field-label\">\n\t\t\t\t\t\t\t\tEmail\t\t\t\t\t\t\t<\/label>\n\t\t\t\t\t\t\t\t\t\t\t\t\t\t<input size=\"1\" type=\"email\" name=\"form_fields[email1]\" id=\"form-field-email1\" class=\"elementor-field elementor-size-sm  elementor-field-textual\" placeholder=\"Email\" required=\"required\" aria-required=\"true\">\n\t\t\t\t\t\t\t\t\t\t\t<\/div>\n\t\t\t\t\t\t\t\t<div class=\"elementor-field-type-text elementor-field-group elementor-column elementor-field-group-field_2c302fe1 elementor-col-100 elementor-field-required\">\n\t\t\t\t\t\t\t\t\t\t\t\t<label for=\"form-field-field_2c302fe1\" class=\"elementor-field-label\">\n\t\t\t\t\t\t\t\tPhone\t\t\t\t\t\t\t<\/label>\n\t\t\t\t\t\t\t\t\t\t\t\t\t\t<input size=\"1\" type=\"text\" name=\"form_fields[field_2c302fe1]\" id=\"form-field-field_2c302fe1\" class=\"elementor-field elementor-size-sm  elementor-field-textual\" placeholder=\"Phone\" required=\"required\" aria-required=\"true\">\n\t\t\t\t\t\t\t\t\t\t\t<\/div>\n\t\t\t\t\t\t\t\t<div class=\"elementor-field-type-textarea elementor-field-group elementor-column elementor-field-group-message1 elementor-col-100\">\n\t\t\t\t\t\t\t\t\t\t\t\t<label for=\"form-field-message1\" class=\"elementor-field-label\">\n\t\t\t\t\t\t\t\tMessage\t\t\t\t\t\t\t<\/label>\n\t\t\t\t\t\t<textarea class=\"elementor-field-textual elementor-field  elementor-size-sm\" name=\"form_fields[message1]\" id=\"form-field-message1\" rows=\"4\" placeholder=\"Message\"><\/textarea>\t\t\t\t<\/div>\n\t\t\t\t\t\t\t\t<div class=\"elementor-field-type-recaptcha_v3 elementor-field-group elementor-column elementor-field-group-field_fbfc0d2 elementor-col-100 recaptcha_v3-inline\">\n\t\t\t\t\t<div class=\"elementor-field\" id=\"form-field-field_fbfc0d2\"><div class=\"elementor-g-recaptcha\" data-sitekey=\"6LesWFgnAAAAAKGmLlXYNOcYf8T1qqbMtj0m_5u6\" data-type=\"v3\" data-action=\"Form\" data-badge=\"inline\" data-size=\"invisible\"><\/div><\/div>\t\t\t\t<\/div>\n\t\t\t\t\t\t\t\t<div class=\"elementor-field-group elementor-column elementor-field-type-submit elementor-col-100 e-form__buttons\">\n\t\t\t\t\t<button class=\"elementor-button elementor-size-sm\" type=\"submit\">\n\t\t\t\t\t\t<span class=\"elementor-button-content-wrapper\">\n\t\t\t\t\t\t\t\t\t\t\t\t\t\t\t\t\t\t\t\t\t\t<span class=\"elementor-button-text\">Send<\/span>\n\t\t\t\t\t\t\t\t\t\t\t\t\t<\/span>\n\t\t\t\t\t<\/button>\n\t\t\t\t<\/div>\n\t\t\t<\/div>\n\t\t<\/form>\n\t\t\t\t<\/div>\n\t\t\t\t<\/div>\n\t\t\t\t\t<\/div>\n\t\t<\/div>\n\t\t\t\t\t<\/div>\n\t\t<\/section>\n\t\t\t\t<section class=\"elementor-section elementor-top-section elementor-element elementor-element-1acfcb1 elementor-section-boxed elementor-section-height-default elementor-section-height-default\" data-id=\"1acfcb1\" data-element_type=\"section\">\n\t\t\t\t\t\t<div class=\"elementor-container elementor-column-gap-default\">\n\t\t\t\t\t<div class=\"elementor-column elementor-col-100 elementor-top-column elementor-element elementor-element-7603467\" data-id=\"7603467\" data-element_type=\"column\">\n\t\t\t<div class=\"elementor-widget-wrap elementor-element-populated\">\n\t\t\t\t\t\t<div class=\"elementor-element elementor-element-1c1dd30 elementor-widget elementor-widget-sidebar\" data-id=\"1c1dd30\" data-element_type=\"widget\" data-widget_type=\"sidebar.default\">\n\t\t\t\t<div class=\"elementor-widget-container\">\n\t\t\t<aside id=\"text-15\" class=\"widget widget_text\"><h3 class=\"widgettitle\">Marmaris Dental Center<\/h3>\t\t\t<div class=\"textwidget\">Wir sind stolze Mitglieder der SS Plus Group Company. Wir bieten Zahnbehandlungen f\u00fcr Patienten aus dem Ausland an, insbesondere in der T\u00fcrkei. Unser Ziel ist es, sicherzustellen, dass unsere Patienten die richtige Behandlung von den richtigen Zahn\u00e4rzten erhalten und alle Reiseorganisationen von einem Zentrum aus verwalten k\u00f6nnen.\n<\/div>\n\t\t<\/aside><aside id=\"text-13\" class=\"widget widget_text\"><h3 class=\"widgettitle\">Sozialen Medien<\/h3>\t\t\t<div class=\"textwidget\"><div class=\"widget_meta\"><ul>\n<li><a href=\"https:\/\/www.facebook.com\/marmarisdentalcenter\">Facebook<\/a><\/li>\n<li><a href=\"https:\/\/www.instagram.com\/marmarisdentalcenter\/\">Instagram<\/a><\/li>\n<li><a href=\"https:\/\/twitter.com\/MarmarisDental\">Twitter<\/a><\/li>\n<li><a href=\"#\"><\/div>\n\t\t<\/aside><aside id=\"text-16\" class=\"widget widget_text\"><h3 class=\"widgettitle\">Kontakt<\/h3>\t\t\t<div class=\"textwidget\"><div class=\"widget_meta\"><ul>\n<li><i class=\"cmsms-icon-direction-3\"><\/i><a href=\"#\">Tepe mh. 57 sk. 1\/1 48700 Marmaris\/TURKEY<\/a><\/li>\n<li><i class=\"cmsms-icon-phone-4\"><\/i><a href=\"tel:+90 850 885 14 76\">+90 850 885 14 76<\/a><\/li>\n<li><i class=\"cmsms-icon-envelope-letter\"><\/i><a href=\"mailto:infol@marmarisdentalcenter.com\">info @ marmarisdentalcenter.com<\/a><\/li>\n<li><i class=\"cmsms-icon-clock\"><\/i><a href=\"#\"> Arbeitsstunden:09:00am - 18:00pm<\/a><\/li><\/ul><\/div><\/div>\n\t\t<\/aside>\t\t<\/div>\n\t\t\t\t<\/div>\n\t\t\t\t\t<\/div>\n\t\t<\/div>\n\t\t\t\t\t<\/div>\n\t\t<\/section>\n\t\t\t\t<section class=\"elementor-section elementor-top-section elementor-element elementor-element-60bc30f elementor-section-boxed elementor-section-height-default elementor-section-height-default\" data-id=\"60bc30f\" data-element_type=\"section\">\n\t\t\t\t\t\t<div class=\"elementor-container elementor-column-gap-default\">\n\t\t\t\t\t<div class=\"elementor-column elementor-col-100 elementor-top-column elementor-element elementor-element-97bba37\" data-id=\"97bba37\" data-element_type=\"column\">\n\t\t\t<div class=\"elementor-widget-wrap elementor-element-populated\">\n\t\t\t\t\t\t<div class=\"elementor-element elementor-element-7ac75e9 elementor-grid-1 elementor-shape-rounded e-grid-align-center elementor-widget elementor-widget-social-icons\" data-id=\"7ac75e9\" data-element_type=\"widget\" data-widget_type=\"social-icons.default\">\n\t\t\t\t<div class=\"elementor-widget-container\">\n\t\t\t\t\t<div class=\"elementor-social-icons-wrapper elementor-grid\">\n\t\t\t\t\t\t\t<span class=\"elementor-grid-item\">\n\t\t\t\t\t<a class=\"elementor-icon elementor-social-icon elementor-social-icon-whatsapp elementor-repeater-item-0ef3ecc\" href=\"https:\/\/wa.me\/+908508851476\" target=\"_blank\">\n\t\t\t\t\t\t<span class=\"elementor-screen-only\">Whatsapp<\/span>\n\t\t\t\t\t\t<i class=\"fab fa-whatsapp\"><\/i>\t\t\t\t\t<\/a>\n\t\t\t\t<\/span>\n\t\t\t\t\t<\/div>\n\t\t\t\t<\/div>\n\t\t\t\t<\/div>\n\t\t\t\t\t<\/div>\n\t\t<\/div>\n\t\t\t\t\t<\/div>\n\t\t<\/section>\n\t\t\t\t<\/div>\n\t\t","protected":false},"excerpt":{"rendered":"<p>Zahnklinik T\u00fcrkei In unserer Zahnklinik in der T\u00fcrkei bem\u00fchen wir uns, das Niveau an Service zu bieten, das wir selbst erwarten w\u00fcrden. Wir verpflichten uns, unseren Patienten von dem Moment an, in dem sie unsere T\u00fcren betreten, bis zu dem Zeitpunkt, an dem sie unsere Betreuung verlassen, ein au\u00dfergew\u00f6hnliches Erlebnis zu bieten. Unser Ziel ist&#8230;<\/p>\n","protected":false},"author":1,"featured_media":10297,"parent":0,"menu_order":0,"comment_status":"closed","ping_status":"open","template":"","meta":{"footnotes":""},"class_list":["post-1261","page","type-page","status-publish","has-post-thumbnail","hentry"],"yoast_head":"<!-- This site is optimized with the Yoast SEO Premium plugin v20.0 (Yoast SEO v24.0) - https:\/\/yoast.com\/wordpress\/plugins\/seo\/ -->\n<title>Zahnklinik T\u00fcrkei | Kontaktieren Sie uns f\u00fcr erstklassige zahn\u00e4rztliche Leistungen<\/title>\n<meta name=\"description\" content=\"Zahnklinik T\u00fcrkei f\u00fcr professionelle und erschwingliche zahn\u00e4rztliche Leistungen. Unser erfahrenes Zahn\u00e4rzteteam bietet ein breites Spektrum an Behandlungen an.\" \/>\n<meta name=\"robots\" content=\"index, follow, max-snippet:-1, max-image-preview:large, max-video-preview:-1\" \/>\n<link rel=\"canonical\" href=\"https:\/\/marmarisdentalcenter.com\/de\/kontakt-zum-marmaris-dental-center\/\" \/>\n<meta property=\"og:locale\" content=\"en_GB\" \/>\n<meta property=\"og:type\" content=\"article\" \/>\n<meta property=\"og:title\" content=\"Kontakt\" \/>\n<meta property=\"og:description\" content=\"Zahnklinik T\u00fcrkei f\u00fcr professionelle und erschwingliche zahn\u00e4rztliche Leistungen. Unser erfahrenes Zahn\u00e4rzteteam bietet ein breites Spektrum an Behandlungen an.\" \/>\n<meta property=\"og:url\" content=\"https:\/\/marmarisdentalcenter.com\/de\/kontakt-zum-marmaris-dental-center\/\" \/>\n<meta property=\"og:site_name\" content=\"Marmaris Dental Center\" \/>\n<meta property=\"article:publisher\" content=\"https:\/\/www.facebook.com\/marmarisdentalcenter\" \/>\n<meta property=\"article:modified_time\" content=\"2024-03-20T16:55:59+00:00\" \/>\n<meta property=\"og:image\" content=\"https:\/\/marmarisdentalcenter.com\/de\/wp-content\/uploads\/2023\/08\/Marmaris-Dental-Center-Contact-Us-e1693502337827.webp\" \/>\n\t<meta property=\"og:image:width\" content=\"800\" \/>\n\t<meta property=\"og:image:height\" content=\"800\" \/>\n\t<meta property=\"og:image:type\" content=\"image\/webp\" \/>\n<meta name=\"twitter:card\" content=\"summary_large_image\" \/>\n<meta name=\"twitter:site\" content=\"@marmarisdental\" \/>\n<meta name=\"twitter:label1\" content=\"Estimated reading time\" \/>\n\t<meta name=\"twitter:data1\" content=\"2 minutes\" \/>\n<script type=\"application\/ld+json\" class=\"yoast-schema-graph\">{\"@context\":\"https:\/\/schema.org\",\"@graph\":[{\"@type\":\"WebPage\",\"@id\":\"https:\/\/marmarisdentalcenter.com\/de\/kontakt-zum-marmaris-dental-center\/\",\"url\":\"https:\/\/marmarisdentalcenter.com\/de\/kontakt-zum-marmaris-dental-center\/\",\"name\":\"Zahnklinik T\u00fcrkei | Kontaktieren Sie uns f\u00fcr erstklassige zahn\u00e4rztliche Leistungen\",\"isPartOf\":{\"@id\":\"https:\/\/marmarisdentalcenter.com\/de\/#website\"},\"primaryImageOfPage\":{\"@id\":\"https:\/\/marmarisdentalcenter.com\/de\/kontakt-zum-marmaris-dental-center\/#primaryimage\"},\"image\":{\"@id\":\"https:\/\/marmarisdentalcenter.com\/de\/kontakt-zum-marmaris-dental-center\/#primaryimage\"},\"thumbnailUrl\":\"https:\/\/marmarisdentalcenter.com\/de\/wp-content\/uploads\/2023\/08\/Marmaris-Dental-Center-Contact-Us-e1693502337827.webp\",\"datePublished\":\"2015-07-23T14:27:58+00:00\",\"dateModified\":\"2024-03-20T16:55:59+00:00\",\"description\":\"Zahnklinik T\u00fcrkei f\u00fcr professionelle und erschwingliche zahn\u00e4rztliche Leistungen. Unser erfahrenes Zahn\u00e4rzteteam bietet ein breites Spektrum an Behandlungen an.\",\"breadcrumb\":{\"@id\":\"https:\/\/marmarisdentalcenter.com\/de\/kontakt-zum-marmaris-dental-center\/#breadcrumb\"},\"inLanguage\":\"en-GB\",\"potentialAction\":[{\"@type\":\"ReadAction\",\"target\":[\"https:\/\/marmarisdentalcenter.com\/de\/kontakt-zum-marmaris-dental-center\/\"]}]},{\"@type\":\"ImageObject\",\"inLanguage\":\"en-GB\",\"@id\":\"https:\/\/marmarisdentalcenter.com\/de\/kontakt-zum-marmaris-dental-center\/#primaryimage\",\"url\":\"https:\/\/marmarisdentalcenter.com\/de\/wp-content\/uploads\/2023\/08\/Marmaris-Dental-Center-Contact-Us-e1693502337827.webp\",\"contentUrl\":\"https:\/\/marmarisdentalcenter.com\/de\/wp-content\/uploads\/2023\/08\/Marmaris-Dental-Center-Contact-Us-e1693502337827.webp\",\"width\":800,\"height\":800,\"caption\":\"Dental Centre Turkey Marmaris Contact\"},{\"@type\":\"BreadcrumbList\",\"@id\":\"https:\/\/marmarisdentalcenter.com\/de\/kontakt-zum-marmaris-dental-center\/#breadcrumb\",\"itemListElement\":[{\"@type\":\"ListItem\",\"position\":1,\"name\":\"Home\",\"item\":\"https:\/\/marmarisdentalcenter.com\/de\/\"},{\"@type\":\"ListItem\",\"position\":2,\"name\":\"Kontakt\"}]},{\"@type\":\"WebSite\",\"@id\":\"https:\/\/marmarisdentalcenter.com\/de\/#website\",\"url\":\"https:\/\/marmarisdentalcenter.com\/de\/\",\"name\":\"Marmaris Dental Center\",\"description\":\"Smile Bright in Turkey with Marmaris Dental Center\",\"publisher\":{\"@id\":\"https:\/\/marmarisdentalcenter.com\/de\/#organization\"},\"potentialAction\":[{\"@type\":\"SearchAction\",\"target\":{\"@type\":\"EntryPoint\",\"urlTemplate\":\"https:\/\/marmarisdentalcenter.com\/de\/?s={search_term_string}\"},\"query-input\":{\"@type\":\"PropertyValueSpecification\",\"valueRequired\":true,\"valueName\":\"search_term_string\"}}],\"inLanguage\":\"en-GB\"},{\"@type\":\"Organization\",\"@id\":\"https:\/\/marmarisdentalcenter.com\/de\/#organization\",\"name\":\"Marmaris Dental Center\",\"url\":\"https:\/\/marmarisdentalcenter.com\/de\/\",\"logo\":{\"@type\":\"ImageObject\",\"inLanguage\":\"en-GB\",\"@id\":\"https:\/\/marmarisdentalcenter.com\/de\/#\/schema\/logo\/image\/\",\"url\":\"https:\/\/marmarisdentalcenter.com\/de\/wp-content\/uploads\/2019\/07\/marmaris-03.png\",\"contentUrl\":\"https:\/\/marmarisdentalcenter.com\/de\/wp-content\/uploads\/2019\/07\/marmaris-03.png\",\"width\":33,\"height\":33,\"caption\":\"Marmaris Dental Center\"},\"image\":{\"@id\":\"https:\/\/marmarisdentalcenter.com\/de\/#\/schema\/logo\/image\/\"},\"sameAs\":[\"https:\/\/www.facebook.com\/marmarisdentalcenter\",\"https:\/\/x.com\/marmarisdental\"]}]}<\/script>\n<!-- \/ Yoast SEO Premium plugin. -->","yoast_head_json":{"title":"Zahnklinik T\u00fcrkei | Kontaktieren Sie uns f\u00fcr erstklassige zahn\u00e4rztliche Leistungen","description":"Zahnklinik T\u00fcrkei f\u00fcr professionelle und erschwingliche zahn\u00e4rztliche Leistungen. Unser erfahrenes Zahn\u00e4rzteteam bietet ein breites Spektrum an Behandlungen an.","robots":{"index":"index","follow":"follow","max-snippet":"max-snippet:-1","max-image-preview":"max-image-preview:large","max-video-preview":"max-video-preview:-1"},"canonical":"https:\/\/marmarisdentalcenter.com\/de\/kontakt-zum-marmaris-dental-center\/","og_locale":"en_GB","og_type":"article","og_title":"Kontakt","og_description":"Zahnklinik T\u00fcrkei f\u00fcr professionelle und erschwingliche zahn\u00e4rztliche Leistungen. Unser erfahrenes Zahn\u00e4rzteteam bietet ein breites Spektrum an Behandlungen an.","og_url":"https:\/\/marmarisdentalcenter.com\/de\/kontakt-zum-marmaris-dental-center\/","og_site_name":"Marmaris Dental Center","article_publisher":"https:\/\/www.facebook.com\/marmarisdentalcenter","article_modified_time":"2024-03-20T16:55:59+00:00","og_image":[{"width":800,"height":800,"url":"https:\/\/marmarisdentalcenter.com\/de\/wp-content\/uploads\/2023\/08\/Marmaris-Dental-Center-Contact-Us-e1693502337827.webp","type":"image\/webp"}],"twitter_card":"summary_large_image","twitter_site":"@marmarisdental","twitter_misc":{"Estimated reading time":"2 minutes"},"schema":{"@context":"https:\/\/schema.org","@graph":[{"@type":"WebPage","@id":"https:\/\/marmarisdentalcenter.com\/de\/kontakt-zum-marmaris-dental-center\/","url":"https:\/\/marmarisdentalcenter.com\/de\/kontakt-zum-marmaris-dental-center\/","name":"Zahnklinik T\u00fcrkei | Kontaktieren Sie uns f\u00fcr erstklassige zahn\u00e4rztliche Leistungen","isPartOf":{"@id":"https:\/\/marmarisdentalcenter.com\/de\/#website"},"primaryImageOfPage":{"@id":"https:\/\/marmarisdentalcenter.com\/de\/kontakt-zum-marmaris-dental-center\/#primaryimage"},"image":{"@id":"https:\/\/marmarisdentalcenter.com\/de\/kontakt-zum-marmaris-dental-center\/#primaryimage"},"thumbnailUrl":"https:\/\/marmarisdentalcenter.com\/de\/wp-content\/uploads\/2023\/08\/Marmaris-Dental-Center-Contact-Us-e1693502337827.webp","datePublished":"2015-07-23T14:27:58+00:00","dateModified":"2024-03-20T16:55:59+00:00","description":"Zahnklinik T\u00fcrkei f\u00fcr professionelle und erschwingliche zahn\u00e4rztliche Leistungen. Unser erfahrenes Zahn\u00e4rzteteam bietet ein breites Spektrum an Behandlungen an.","breadcrumb":{"@id":"https:\/\/marmarisdentalcenter.com\/de\/kontakt-zum-marmaris-dental-center\/#breadcrumb"},"inLanguage":"en-GB","potentialAction":[{"@type":"ReadAction","target":["https:\/\/marmarisdentalcenter.com\/de\/kontakt-zum-marmaris-dental-center\/"]}]},{"@type":"ImageObject","inLanguage":"en-GB","@id":"https:\/\/marmarisdentalcenter.com\/de\/kontakt-zum-marmaris-dental-center\/#primaryimage","url":"https:\/\/marmarisdentalcenter.com\/de\/wp-content\/uploads\/2023\/08\/Marmaris-Dental-Center-Contact-Us-e1693502337827.webp","contentUrl":"https:\/\/marmarisdentalcenter.com\/de\/wp-content\/uploads\/2023\/08\/Marmaris-Dental-Center-Contact-Us-e1693502337827.webp","width":800,"height":800,"caption":"Dental Centre Turkey Marmaris Contact"},{"@type":"BreadcrumbList","@id":"https:\/\/marmarisdentalcenter.com\/de\/kontakt-zum-marmaris-dental-center\/#breadcrumb","itemListElement":[{"@type":"ListItem","position":1,"name":"Home","item":"https:\/\/marmarisdentalcenter.com\/de\/"},{"@type":"ListItem","position":2,"name":"Kontakt"}]},{"@type":"WebSite","@id":"https:\/\/marmarisdentalcenter.com\/de\/#website","url":"https:\/\/marmarisdentalcenter.com\/de\/","name":"Marmaris Dental Center","description":"Smile Bright in Turkey with Marmaris Dental Center","publisher":{"@id":"https:\/\/marmarisdentalcenter.com\/de\/#organization"},"potentialAction":[{"@type":"SearchAction","target":{"@type":"EntryPoint","urlTemplate":"https:\/\/marmarisdentalcenter.com\/de\/?s={search_term_string}"},"query-input":{"@type":"PropertyValueSpecification","valueRequired":true,"valueName":"search_term_string"}}],"inLanguage":"en-GB"},{"@type":"Organization","@id":"https:\/\/marmarisdentalcenter.com\/de\/#organization","name":"Marmaris Dental Center","url":"https:\/\/marmarisdentalcenter.com\/de\/","logo":{"@type":"ImageObject","inLanguage":"en-GB","@id":"https:\/\/marmarisdentalcenter.com\/de\/#\/schema\/logo\/image\/","url":"https:\/\/marmarisdentalcenter.com\/de\/wp-content\/uploads\/2019\/07\/marmaris-03.png","contentUrl":"https:\/\/marmarisdentalcenter.com\/de\/wp-content\/uploads\/2019\/07\/marmaris-03.png","width":33,"height":33,"caption":"Marmaris Dental Center"},"image":{"@id":"https:\/\/marmarisdentalcenter.com\/de\/#\/schema\/logo\/image\/"},"sameAs":["https:\/\/www.facebook.com\/marmarisdentalcenter","https:\/\/x.com\/marmarisdental"]}]}},"_links":{"self":[{"href":"https:\/\/marmarisdentalcenter.com\/de\/wp-json\/wp\/v2\/pages\/1261","targetHints":{"allow":["GET"]}}],"collection":[{"href":"https:\/\/marmarisdentalcenter.com\/de\/wp-json\/wp\/v2\/pages"}],"about":[{"href":"https:\/\/marmarisdentalcenter.com\/de\/wp-json\/wp\/v2\/types\/page"}],"author":[{"embeddable":true,"href":"https:\/\/marmarisdentalcenter.com\/de\/wp-json\/wp\/v2\/users\/1"}],"replies":[{"embeddable":true,"href":"https:\/\/marmarisdentalcenter.com\/de\/wp-json\/wp\/v2\/comments?post=1261"}],"version-history":[{"count":0,"href":"https:\/\/marmarisdentalcenter.com\/de\/wp-json\/wp\/v2\/pages\/1261\/revisions"}],"wp:featuredmedia":[{"embeddable":true,"href":"https:\/\/marmarisdentalcenter.com\/de\/wp-json\/wp\/v2\/media\/10297"}],"wp:attachment":[{"href":"https:\/\/marmarisdentalcenter.com\/de\/wp-json\/wp\/v2\/media?parent=1261"}],"curies":[{"name":"wp","href":"https:\/\/api.w.org\/{rel}","templated":true}]}}